{"id":803,"date":"2020-11-16T12:57:32","date_gmt":"2020-11-16T11:57:32","guid":{"rendered":"https:\/\/www.sensem.es\/?page_id=803"},"modified":"2025-06-12T08:51:03","modified_gmt":"2025-06-12T06:51:03","slug":"contacto","status":"publish","type":"page","link":"https:\/\/www.sensem.es\/es\/contacto\/","title":{"rendered":"Contacto"},"content":{"rendered":"\t\t<div data-elementor-type=\"wp-page\" data-elementor-id=\"803\" class=\"elementor elementor-803\" data-elementor-post-type=\"page\">\n\t\t\t\t\t\t<section class=\"elementor-section elementor-top-section elementor-element elementor-element-461103e5 elementor-section-boxed elementor-section-height-default elementor-section-height-default\" data-id=\"461103e5\" data-element_type=\"section\" data-e-type=\"section\" data-settings=\"{&quot;background_background&quot;:&quot;classic&quot;}\">\n\t\t\t\t\t\t\t<div class=\"elementor-background-overlay\"><\/div>\n\t\t\t\t\t\t\t<div class=\"elementor-container elementor-column-gap-default\">\n\t\t\t\t\t<div class=\"elementor-column elementor-col-100 elementor-top-column elementor-element elementor-element-63e5f5f4\" data-id=\"63e5f5f4\" data-element_type=\"column\" data-e-type=\"column\">\n\t\t\t<div class=\"elementor-widget-wrap elementor-element-populated\">\n\t\t\t\t\t\t<div class=\"elementor-element elementor-element-2241ef2f elementor-widget elementor-widget-spacer\" data-id=\"2241ef2f\" data-element_type=\"widget\" data-e-type=\"widget\" data-widget_type=\"spacer.default\">\n\t\t\t\t<div class=\"elementor-widget-container\">\n\t\t\t\t\t\t\t<div class=\"elementor-spacer\">\n\t\t\t<div class=\"elementor-spacer-inner\"><\/div>\n\t\t<\/div>\n\t\t\t\t\t\t<\/div>\n\t\t\t\t<\/div>\n\t\t\t\t<section class=\"elementor-section elementor-inner-section elementor-element elementor-element-3c18cbb6 elementor-section-boxed elementor-section-height-default elementor-section-height-default\" data-id=\"3c18cbb6\" data-element_type=\"section\" data-e-type=\"section\">\n\t\t\t\t\t\t<div class=\"elementor-container elementor-column-gap-default\">\n\t\t\t\t\t<div class=\"elementor-column elementor-col-50 elementor-inner-column elementor-element elementor-element-5d18d3aa\" data-id=\"5d18d3aa\" data-element_type=\"column\" data-e-type=\"column\">\n\t\t\t<div class=\"elementor-widget-wrap elementor-element-populated\">\n\t\t\t\t\t\t<div class=\"elementor-element elementor-element-39f445c0 elementor-widget elementor-widget-heading\" data-id=\"39f445c0\" data-element_type=\"widget\" data-e-type=\"widget\" data-widget_type=\"heading.default\">\n\t\t\t\t<div class=\"elementor-widget-container\">\n\t\t\t\t\t<h1 class=\"elementor-heading-title elementor-size-large\"><span class=\"turquesa f-negro\">CONTACTO<\/span><\/h1>\t\t\t\t<\/div>\n\t\t\t\t<\/div>\n\t\t\t\t<div class=\"elementor-element elementor-element-7eb5e78 elementor-widget elementor-widget-spacer\" data-id=\"7eb5e78\" data-element_type=\"widget\" data-e-type=\"widget\" data-widget_type=\"spacer.default\">\n\t\t\t\t<div class=\"elementor-widget-container\">\n\t\t\t\t\t\t\t<div class=\"elementor-spacer\">\n\t\t\t<div class=\"elementor-spacer-inner\"><\/div>\n\t\t<\/div>\n\t\t\t\t\t\t<\/div>\n\t\t\t\t<\/div>\n\t\t\t\t<div class=\"elementor-element elementor-element-3d0daf elementor-widget elementor-widget-text-editor\" data-id=\"3d0daf\" data-element_type=\"widget\" data-e-type=\"widget\" data-widget_type=\"text-editor.default\">\n\t\t\t\t<div class=\"elementor-widget-container\">\n\t\t\t\t\t\t\t\t\t<p>Para cualquier consulta sobre nuestros productos y sus posibilidades, no dude en contactar con nosotros mediante los m\u00e9todos tradicionales o el formulario de contacto adjunto.<\/p>\t\t\t\t\t\t\t\t<\/div>\n\t\t\t\t<\/div>\n\t\t\t\t<div class=\"elementor-element elementor-element-42623d76 elementor-widget elementor-widget-spacer\" data-id=\"42623d76\" data-element_type=\"widget\" data-e-type=\"widget\" data-widget_type=\"spacer.default\">\n\t\t\t\t<div class=\"elementor-widget-container\">\n\t\t\t\t\t\t\t<div class=\"elementor-spacer\">\n\t\t\t<div class=\"elementor-spacer-inner\"><\/div>\n\t\t<\/div>\n\t\t\t\t\t\t<\/div>\n\t\t\t\t<\/div>\n\t\t\t\t<div class=\"elementor-element elementor-element-225b75be elementor-widget elementor-widget-text-editor\" data-id=\"225b75be\" data-element_type=\"widget\" data-e-type=\"widget\" data-widget_type=\"text-editor.default\">\n\t\t\t\t<div class=\"elementor-widget-container\">\n\t\t\t\t\t\t\t\t\t<p class=\"mbn\"><i class=\"turquesa icomoon-the7-font-the7-clock-00\"><\/i> De lunes a viernes, de 7:00 a 15:00 horas.<\/p>\n<p class=\"mbn\"><i class=\"turquesa fas fa-map-marker-alt\"><\/i> Carrer Primer de Maig 13, 46791 Benifair\u00f3 de la Valldigna, Valencia<\/p>\n<p class=\"mbn\"><i class=\"turquesa icomoon-the7-font-the7-phone-05\"><\/i> 962 81 04 51<\/p>\n<p class=\"mbn\"><i class=\"turquesa far fa-envelope\"><\/i> info@sensem.es<\/p>\t\t\t\t\t\t\t\t<\/div>\n\t\t\t\t<\/div>\n\t\t\t\t<div class=\"elementor-element elementor-element-70223149 elementor-widget elementor-widget-spacer\" data-id=\"70223149\" data-element_type=\"widget\" data-e-type=\"widget\" data-widget_type=\"spacer.default\">\n\t\t\t\t<div class=\"elementor-widget-container\">\n\t\t\t\t\t\t\t<div class=\"elementor-spacer\">\n\t\t\t<div class=\"elementor-spacer-inner\"><\/div>\n\t\t<\/div>\n\t\t\t\t\t\t<\/div>\n\t\t\t\t<\/div>\n\t\t\t\t<div class=\"elementor-element elementor-element-68e4f994 elementor-widget elementor-widget-google_maps\" data-id=\"68e4f994\" data-element_type=\"widget\" data-e-type=\"widget\" data-widget_type=\"google_maps.default\">\n\t\t\t\t<div class=\"elementor-widget-container\">\n\t\t\t\t\t\t\t<div class=\"elementor-custom-embed\">\n\t\t\t<iframe loading=\"lazy\"\n\t\t\t\t\tsrc=\"https:\/\/maps.google.com\/maps?q=SENSEM%20%7C%20Puertas%20sin%20marcos&#038;t=m&#038;z=18&#038;output=embed&#038;iwloc=near\"\n\t\t\t\t\ttitle=\"SENSEM | Puertas sin marcos\"\n\t\t\t\t\taria-label=\"SENSEM | Puertas sin marcos\"\n\t\t\t><\/iframe>\n\t\t<\/div>\n\t\t\t\t\t\t<\/div>\n\t\t\t\t<\/div>\n\t\t\t\t\t<\/div>\n\t\t<\/div>\n\t\t\t\t<div class=\"elementor-column elementor-col-50 elementor-inner-column elementor-element elementor-element-7242f7fd\" data-id=\"7242f7fd\" data-element_type=\"column\" data-e-type=\"column\" data-settings=\"{&quot;background_background&quot;:&quot;classic&quot;}\">\n\t\t\t<div class=\"elementor-widget-wrap elementor-element-populated\">\n\t\t\t\t\t\t<div class=\"elementor-element elementor-element-358d40da elementor-widget elementor-widget-heading\" data-id=\"358d40da\" data-element_type=\"widget\" data-e-type=\"widget\" data-widget_type=\"heading.default\">\n\t\t\t\t<div class=\"elementor-widget-container\">\n\t\t\t\t\t<h3 class=\"elementor-heading-title elementor-size-default\">FORMULARIO<\/h3>\t\t\t\t<\/div>\n\t\t\t\t<\/div>\n\t\t\t\t<div class=\"elementor-element elementor-element-7dcf7e14 elementor-widget-divider--view-line elementor-widget elementor-widget-divider\" data-id=\"7dcf7e14\" data-element_type=\"widget\" data-e-type=\"widget\" data-widget_type=\"divider.default\">\n\t\t\t\t<div class=\"elementor-widget-container\">\n\t\t\t\t\t\t\t<div class=\"elementor-divider\">\n\t\t\t<span class=\"elementor-divider-separator\">\n\t\t\t\t\t\t<\/span>\n\t\t<\/div>\n\t\t\t\t\t\t<\/div>\n\t\t\t\t<\/div>\n\t\t\t\t<div class=\"elementor-element elementor-element-6955fe5 elementor-widget elementor-widget-spacer\" data-id=\"6955fe5\" data-element_type=\"widget\" data-e-type=\"widget\" data-widget_type=\"spacer.default\">\n\t\t\t\t<div class=\"elementor-widget-container\">\n\t\t\t\t\t\t\t<div class=\"elementor-spacer\">\n\t\t\t<div class=\"elementor-spacer-inner\"><\/div>\n\t\t<\/div>\n\t\t\t\t\t\t<\/div>\n\t\t\t\t<\/div>\n\t\t\t\t<div class=\"elementor-element elementor-element-5d06e0e0 elementor-widget elementor-widget-shortcode\" data-id=\"5d06e0e0\" data-element_type=\"widget\" data-e-type=\"widget\" data-widget_type=\"shortcode.default\">\n\t\t\t\t<div class=\"elementor-widget-container\">\n\t\t\t\t\t\t\t<div class=\"elementor-shortcode\">\n<div class=\"wpcf7 no-js\" id=\"wpcf7-f1748-o1\" lang=\"es-ES\" dir=\"ltr\" data-wpcf7-id=\"1748\">\n<div class=\"screen-reader-response\"><p role=\"status\" aria-live=\"polite\" aria-atomic=\"true\"><\/p> <ul><\/ul><\/div>\n<form action=\"\/es\/wp-json\/wp\/v2\/pages\/803#wpcf7-f1748-o1\" method=\"post\" class=\"wpcf7-form init\" aria-label=\"Formulario de contacto\" novalidate=\"novalidate\" data-status=\"init\">\n<fieldset class=\"hidden-fields-container\"><input type=\"hidden\" name=\"_wpcf7\" value=\"1748\" \/><input type=\"hidden\" name=\"_wpcf7_version\" value=\"6.1.5\" \/><input type=\"hidden\" name=\"_wpcf7_locale\" value=\"es_ES\" \/><input type=\"hidden\" name=\"_wpcf7_unit_tag\" value=\"wpcf7-f1748-o1\" \/><input type=\"hidden\" name=\"_wpcf7_container_post\" value=\"0\" \/><input type=\"hidden\" name=\"_wpcf7_posted_data_hash\" value=\"\" \/><input type=\"hidden\" name=\"_wpcf7cf_hidden_group_fields\" value=\"[]\" \/><input type=\"hidden\" name=\"_wpcf7cf_hidden_groups\" value=\"[]\" \/><input type=\"hidden\" name=\"_wpcf7cf_visible_groups\" value=\"[]\" \/><input type=\"hidden\" name=\"_wpcf7cf_repeaters\" value=\"[]\" \/><input type=\"hidden\" name=\"_wpcf7cf_steps\" value=\"{}\" \/><input type=\"hidden\" name=\"_wpcf7cf_options\" value=\"{&quot;form_id&quot;:1748,&quot;conditions&quot;:[],&quot;settings&quot;:{&quot;animation&quot;:&quot;yes&quot;,&quot;animation_intime&quot;:200,&quot;animation_outtime&quot;:200,&quot;conditions_ui&quot;:&quot;normal&quot;,&quot;notice_dismissed&quot;:false}}\" \/><input type=\"hidden\" name=\"_wpcf7_recaptcha_response\" value=\"\" \/>\n<\/fieldset>\n<div class=\"formuContac\">\n\t<p><span class=\"form-title\">Seleccione una opci\u00f3n:<\/span><br \/>\n<span class=\"wpcf7-form-control-wrap\" data-name=\"menu-475\"><select class=\"wpcf7-form-control wpcf7-select wpcf7-validates-as-required\" aria-required=\"true\" aria-invalid=\"false\" name=\"menu-475\"><option value=\"\">&#8212;Por favor, elige una opci\u00f3n&#8212;<\/option><option value=\"Empresa\/Aut\u00f3nomo\">Empresa\/Aut\u00f3nomo<\/option><option value=\"Particular\">Particular<\/option><\/select><\/span>\n\t<\/p>\n\t<p><span class=\"form-title\"><label>Nombre y apellidos*<\/label><\/span><br \/>\n<span class=\"wpcf7-form-control-wrap\" data-name=\"your-name\"><input size=\"40\" maxlength=\"400\" class=\"wpcf7-form-control wpcf7-text wpcf7-validates-as-required\" aria-required=\"true\" aria-invalid=\"false\" value=\"\" type=\"text\" name=\"your-name\" \/><\/span>\n\t<\/p>\n\t<div class=\"containerFlex-2cajas\">\n\t\t<p><span class=\"form-title\"><label>Email*<\/label><\/span><br \/>\n<span class=\"wpcf7-form-control-wrap\" data-name=\"your-email\"><input size=\"40\" maxlength=\"400\" class=\"wpcf7-form-control wpcf7-email wpcf7-validates-as-required wpcf7-text wpcf7-validates-as-email\" aria-required=\"true\" aria-invalid=\"false\" value=\"\" type=\"email\" name=\"your-email\" \/><\/span>\n\t\t<\/p>\n\t\t<p><span class=\"form-title\"><label>Tel\u00e9fono*<\/label><\/span><br \/>\n<span class=\"wpcf7-form-control-wrap\" data-name=\"tel-688\"><input size=\"40\" maxlength=\"400\" class=\"wpcf7-form-control wpcf7-tel wpcf7-validates-as-required wpcf7-text wpcf7-validates-as-tel\" aria-required=\"true\" aria-invalid=\"false\" value=\"\" type=\"tel\" name=\"tel-688\" \/><\/span>\n\t\t<\/p>\n\t<\/div>\n\t<p><span class=\"form-title\"><label>Asunto<\/label><\/span><br \/>\n<span class=\"wpcf7-form-control-wrap\" data-name=\"your-subject\"><input size=\"40\" maxlength=\"400\" class=\"wpcf7-form-control wpcf7-text wpcf7-validates-as-required\" aria-required=\"true\" aria-invalid=\"false\" value=\"\" type=\"text\" name=\"your-subject\" \/><\/span>\n\t<\/p>\n\t<p><span class=\"form-title\"><label>Tu mensaje<\/label><\/span><br \/>\n<span class=\"wpcf7-form-control-wrap\" data-name=\"your-message\"><textarea cols=\"40\" rows=\"5\" maxlength=\"2000\" class=\"wpcf7-form-control wpcf7-textarea\" aria-invalid=\"false\" name=\"your-message\"><\/textarea><\/span>\n\t<\/p>\n\t<p><span class=\"wpcf7-form-control-wrap\" data-name=\"acceptance-319\"><span class=\"wpcf7-form-control wpcf7-acceptance\"><span class=\"wpcf7-list-item\"><label><input type=\"checkbox\" name=\"acceptance-319\" value=\"1\" aria-invalid=\"false\" \/><span class=\"wpcf7-list-item-label\">He le\u00eddo y acepto la <span  class=\"ljoptimizer \" data-loc=\"aHR0cHM6Ly93d3cuc2Vuc2VtLmVzL2VzL3BvbGl0aWNhLWRlLXByaXZhY2lkYWQv\" data-window=\"new\">pol\u00edtica de privacidad<\/span><\/span><\/label><\/span><\/span><\/span>\n\t<\/p>\n\t<div class=\"legal\">\n\t\t<p><br \/>\n<span style=\"font-weight:bold;\">INFORMACI\u00d3N B\u00c1SICA SOBRE PROTECCI\u00d3N DE DATOS<\/span>\n\t\t<\/p>\n\t\t<p>Responsable: MEDITERR\u00c1NEA DE SOLUCIONES Y DESARROLLOS, S.L.; Finalidad: Atender su solicitud y enviarle comunicaciones comerciales; Legitimaci\u00f3n: Ejecuci\u00f3n de un contrato, consentimiento del interesado, inter\u00e9s leg\u00edtimo del Responsable; Destinatarios: No se ceder\u00e1n datos a terceros, salvo obligaci\u00f3n legal; Derechos: Tiene derecho a acceder, rectificar y suprimir los datos, as\u00ed como otros derechos, indicados en la informaci\u00f3n adicional, que puede ejercer dirigi\u00e9ndose a la direcci\u00f3n del responsable del tratamiento; Procedencia: El propio interesado.\n\t\t<\/p>\n\t<\/div>\n\t<p><input class=\"wpcf7-form-control wpcf7-submit has-spinner\" type=\"submit\" value=\"Enviar\" \/>\n\t<\/p>\n<\/div><div class=\"wpcf7-response-output\" aria-hidden=\"true\"><\/div>\n<\/form>\n<\/div>\n<\/div>\n\t\t\t\t\t\t<\/div>\n\t\t\t\t<\/div>\n\t\t\t\t\t<\/div>\n\t\t<\/div>\n\t\t\t\t\t<\/div>\n\t\t<\/section>\n\t\t\t\t<div class=\"elementor-element elementor-element-1f11ac2a elementor-widget elementor-widget-spacer\" data-id=\"1f11ac2a\" data-element_type=\"widget\" data-e-type=\"widget\" data-widget_type=\"spacer.default\">\n\t\t\t\t<div class=\"elementor-widget-container\">\n\t\t\t\t\t\t\t<div class=\"elementor-spacer\">\n\t\t\t<div class=\"elementor-spacer-inner\"><\/div>\n\t\t<\/div>\n\t\t\t\t\t\t<\/div>\n\t\t\t\t<\/div>\n\t\t\t\t\t<\/div>\n\t\t<\/div>\n\t\t\t\t\t<\/div>\n\t\t<\/section>\n\t\t\t\t<\/div>\n\t\t","protected":false},"excerpt":{"rendered":"<p>CONTACTO Para cualquier consulta sobre nuestros productos y sus posibilidades, no dude en contactar con nosotros mediante los m\u00e9todos tradicionales o el formulario de contacto adjunto. De lunes a viernes, de 7:00 a 15:00 horas. Carrer Primer de Maig 13, 46791 Benifair\u00f3 de la Valldigna, Valencia 962 81 04 51 info@sensem.es FORMULARIO<\/p>\n","protected":false},"author":4,"featured_media":0,"parent":0,"menu_order":40,"comment_status":"closed","ping_status":"closed","template":"elementor_header_footer","meta":{"footnotes":""},"class_list":["post-803","page","type-page","status-publish","hentry"],"yoast_head":"<!-- This site is optimized with the Yoast SEO plugin v27.4 - https:\/\/yoast.com\/product\/yoast-seo-wordpress\/ -->\n<title>Contactar fabricante puertas sin marco - SENSEM | Puertas sin marcos<\/title>\n<meta name=\"description\" content=\"Contacta con nuestra f\u00e1brica para dise\u00f1ar tu puerta sin marco ideal. Ofrecemos asesoramiento personalizado y soluciones a medida.\" \/>\n<meta name=\"robots\" content=\"index, follow, max-snippet:-1, max-image-preview:large, max-video-preview:-1\" \/>\n<link rel=\"canonical\" href=\"https:\/\/www.sensem.es\/es\/contacto\/\" \/>\n<meta property=\"og:locale\" content=\"es_ES\" \/>\n<meta property=\"og:type\" content=\"article\" \/>\n<meta property=\"og:title\" content=\"Contactar fabricante puertas sin marco - SENSEM | Puertas sin marcos\" \/>\n<meta property=\"og:description\" content=\"Contacta con nuestra f\u00e1brica para dise\u00f1ar tu puerta sin marco ideal. Ofrecemos asesoramiento personalizado y soluciones a medida.\" \/>\n<meta property=\"og:url\" content=\"https:\/\/www.sensem.es\/es\/contacto\/\" \/>\n<meta property=\"og:site_name\" content=\"SENSEM | Puertas sin marcos\" \/>\n<meta property=\"article:publisher\" content=\"https:\/\/www.facebook.com\/sensempuertassinmarco\/\" \/>\n<meta property=\"article:modified_time\" content=\"2025-06-12T06:51:03+00:00\" \/>\n<meta property=\"og:image\" content=\"https:\/\/www.sensem.es\/wp-content\/uploads\/2024\/05\/sensem-optimiza-yoastt.jpg\" \/>\n\t<meta property=\"og:image:width\" content=\"1200\" \/>\n\t<meta property=\"og:image:height\" content=\"675\" \/>\n\t<meta property=\"og:image:type\" content=\"image\/jpeg\" \/>\n<meta name=\"twitter:card\" content=\"summary_large_image\" \/>\n<meta name=\"twitter:label1\" content=\"Tiempo de lectura\" \/>\n\t<meta name=\"twitter:data1\" content=\"1 minuto\" \/>\n<!-- \/ Yoast SEO plugin. -->","yoast_head_json":{"title":"Contactar fabricante puertas sin marco - SENSEM | Puertas sin marcos","description":"Contacta con nuestra f\u00e1brica para dise\u00f1ar tu puerta sin marco ideal. Ofrecemos asesoramiento personalizado y soluciones a medida.","robots":{"index":"index","follow":"follow","max-snippet":"max-snippet:-1","max-image-preview":"max-image-preview:large","max-video-preview":"max-video-preview:-1"},"canonical":"https:\/\/www.sensem.es\/es\/contacto\/","og_locale":"es_ES","og_type":"article","og_title":"Contactar fabricante puertas sin marco - SENSEM | Puertas sin marcos","og_description":"Contacta con nuestra f\u00e1brica para dise\u00f1ar tu puerta sin marco ideal. Ofrecemos asesoramiento personalizado y soluciones a medida.","og_url":"https:\/\/www.sensem.es\/es\/contacto\/","og_site_name":"SENSEM | Puertas sin marcos","article_publisher":"https:\/\/www.facebook.com\/sensempuertassinmarco\/","article_modified_time":"2025-06-12T06:51:03+00:00","og_image":[{"width":1200,"height":675,"url":"https:\/\/www.sensem.es\/wp-content\/uploads\/2024\/05\/sensem-optimiza-yoastt.jpg","type":"image\/jpeg"}],"twitter_card":"summary_large_image","twitter_misc":{"Tiempo de lectura":"1 minuto"},"schema":{"@context":"https:\/\/schema.org","@graph":[{"@type":"WebPage","@id":"https:\/\/www.sensem.es\/es\/contacto\/","url":"https:\/\/www.sensem.es\/es\/contacto\/","name":"Contactar fabricante puertas sin marco - SENSEM | Puertas sin marcos","isPartOf":{"@id":"https:\/\/www.sensem.es\/es\/#website"},"datePublished":"2020-11-16T11:57:32+00:00","dateModified":"2025-06-12T06:51:03+00:00","description":"Contacta con nuestra f\u00e1brica para dise\u00f1ar tu puerta sin marco ideal. Ofrecemos asesoramiento personalizado y soluciones a medida.","breadcrumb":{"@id":"https:\/\/www.sensem.es\/es\/contacto\/#breadcrumb"},"inLanguage":"es","potentialAction":[{"@type":"ReadAction","target":["https:\/\/www.sensem.es\/es\/contacto\/"]}]},{"@type":"BreadcrumbList","@id":"https:\/\/www.sensem.es\/es\/contacto\/#breadcrumb","itemListElement":[{"@type":"ListItem","position":1,"name":"Portada","item":"https:\/\/www.sensem.es\/es\/"},{"@type":"ListItem","position":2,"name":"Contacto"}]},{"@type":"WebSite","@id":"https:\/\/www.sensem.es\/es\/#website","url":"https:\/\/www.sensem.es\/es\/","name":"Sensem","description":"F\u00e1brica de puertas sin marcos","publisher":{"@id":"https:\/\/www.sensem.es\/es\/#organization"},"alternateName":"Sensem","potentialAction":[{"@type":"SearchAction","target":{"@type":"EntryPoint","urlTemplate":"https:\/\/www.sensem.es\/es\/?s={search_term_string}"},"query-input":{"@type":"PropertyValueSpecification","valueRequired":true,"valueName":"search_term_string"}}],"inLanguage":"es"},{"@type":"Organization","@id":"https:\/\/www.sensem.es\/es\/#organization","name":"Mediterr\u00e1nea de Soluciones y Desarrollos, SL","alternateName":"Sensem","url":"https:\/\/www.sensem.es\/es\/","logo":{"@type":"ImageObject","inLanguage":"es","@id":"https:\/\/www.sensem.es\/es\/#\/schema\/logo\/image\/","url":"https:\/\/www.sensem.es\/wp-content\/uploads\/2020\/11\/negro-466x160-1.png","contentUrl":"https:\/\/www.sensem.es\/wp-content\/uploads\/2020\/11\/negro-466x160-1.png","width":466,"height":160,"caption":"Mediterr\u00e1nea de Soluciones y Desarrollos, SL"},"image":{"@id":"https:\/\/www.sensem.es\/es\/#\/schema\/logo\/image\/"},"sameAs":["https:\/\/www.facebook.com\/sensempuertassinmarco\/","https:\/\/www.linkedin.com\/company\/sensem-puertas-sin-marco\/","https:\/\/www.instagram.com\/sensempuertassinmarco\/"]}]}},"_links":{"self":[{"href":"https:\/\/www.sensem.es\/es\/wp-json\/wp\/v2\/pages\/803","targetHints":{"allow":["GET"]}}],"collection":[{"href":"https:\/\/www.sensem.es\/es\/wp-json\/wp\/v2\/pages"}],"about":[{"href":"https:\/\/www.sensem.es\/es\/wp-json\/wp\/v2\/types\/page"}],"author":[{"embeddable":true,"href":"https:\/\/www.sensem.es\/es\/wp-json\/wp\/v2\/users\/4"}],"replies":[{"embeddable":true,"href":"https:\/\/www.sensem.es\/es\/wp-json\/wp\/v2\/comments?post=803"}],"version-history":[{"count":0,"href":"https:\/\/www.sensem.es\/es\/wp-json\/wp\/v2\/pages\/803\/revisions"}],"wp:attachment":[{"href":"https:\/\/www.sensem.es\/es\/wp-json\/wp\/v2\/media?parent=803"}],"curies":[{"name":"wp","href":"https:\/\/api.w.org\/{rel}","templated":true}]}}